{"id":951,"date":"2020-12-06T14:28:18","date_gmt":"2020-12-06T14:28:18","guid":{"rendered":"http:\/\/aff.com.sv\/?page_id=951"},"modified":"2025-12-21T20:36:03","modified_gmt":"2025-12-21T20:36:03","slug":"nosotros","status":"publish","type":"page","link":"https:\/\/aff.com.sv\/index.php\/nosotros\/","title":{"rendered":"Nosotros"},"content":{"rendered":"<p>[hfe_template id=&#8217;24&#8217;]<\/p>\n<p>SOMOS<\/p>\n<p>Firma de contadores p\u00fablicos integrada por socios accionistas con amplia trayectoria y experiencia en servicios de aseguramiento, nuestra fortaleza en aspectos tales como: Auditor\u00eda, IFRS, Control interno,\u00a0 Proceso de negocio y an\u00e1lisis <a href=\"https:\/\/trabajosuniversitario.es\/\"><span data-sheets-root=\"1\">encargar trabajo universitario<\/span><\/a> de riesgos, impuestos, consultor\u00eda, Outsourcing contable.<\/p>\n<p>Contamos con s\u00f3lida experiencia en empresas de diferentes industrias y sectores econ\u00f3micos. Ponemos en sus manos veinticinco a\u00f1os de experiencia y el conocimiento de nuestro activo mas importante, nuestro personal profesional.<\/p>\n<p>Maximizamos el valor de nuestros servicios para contribuir a\u00a0 generar valor a nuestros clientes, mediante una atenci\u00f3n personalizada y oportuna.<\/p>\n<p><img loading=\"lazy\" decoding=\"async\" src=\"http:\/\/aff.com.sv\/wp-content\/uploads\/2020\/12\/business-colleagues-stacking-hands-790x1024.jpg\" sizes=\"auto, (max-width: 580px) 100vw, 580px\" srcset=\"http:\/\/aff.com.sv\/wp-content\/uploads\/2020\/12\/business-colleagues-stacking-hands-790x1024.jpg 790w, http:\/\/aff.com.sv\/wp-content\/uploads\/2020\/12\/business-colleagues-stacking-hands-600x778.jpg 600w, http:\/\/aff.com.sv\/wp-content\/uploads\/2020\/12\/business-colleagues-stacking-hands-231x300.jpg 231w, http:\/\/aff.com.sv\/wp-content\/uploads\/2020\/12\/business-colleagues-stacking-hands-768x995.jpg 768w, http:\/\/aff.com.sv\/wp-content\/uploads\/2020\/12\/business-colleagues-stacking-hands-1185x1536.jpg 1185w, http:\/\/aff.com.sv\/wp-content\/uploads\/2020\/12\/business-colleagues-stacking-hands-1200x1555.jpg 1200w, http:\/\/aff.com.sv\/wp-content\/uploads\/2020\/12\/business-colleagues-stacking-hands.jpg 1543w\" alt=\"\" width=\"580\" height=\"752\" \/><br \/>\n<!-- Start Profile Card 4 --><br \/>\n<img decoding=\"async\" style=\"width: 300px; height: px;\" src=\"http:\/\/aff.com.sv\/wp-content\/uploads\/2020\/12\/1-Luis-Siliezar-1.png\" \/><br \/>\nLuis A. Sili\u00e9zar<\/p>\n<p>Titulaciones:<\/p>\n<p>&#8211; Licenciado en contadur\u00eda p\u00fablica.<br \/>\n&#8211; Acreditaci\u00f3n 1251 del CVPCPA.<br \/>\n&#8211; MBA &#8211; INCAE Business School.<br \/>\n&#8211; Diplomado en operaciones burs\u00e1tiles.<\/p>\n<p>&#8211; Mas de 25 a\u00f1os de experiencia.<br \/>\n&#8211; Ha liderado proyectos en firmas Auditoras\/Consultoras Multinacionales.<br \/>\n&#8211; Ha liderado proyectos de auditor\u00eda regionales y locales.<br \/>\n&#8211; Experiencia en sectores: Bancarios, Seguros, Retail, Comercio, Industria, Servicios, Construcci\u00f3n, Agr\u00edcolas, Sector p\u00fablico y ONG&#8217;s, entre otros.<\/p>\n<p><!-- social icon --><br \/>\n<a><br \/>\nFacebook<br \/>\n<\/a><br \/>\n<a><br \/>\nTwitter<br \/>\n<\/a><br \/>\n<a><br \/>\nInstagram<br \/>\n<\/a><br \/>\n<!-- End Profile Card --><br \/>\n<!-- Start Profile Card 4 --><br \/>\n<img decoding=\"async\" style=\"width: 300px; height: px;\" src=\"http:\/\/aff.com.sv\/wp-content\/uploads\/2020\/12\/2-Cecilia-Ortega-1.png\" \/><br \/>\nCecilia del Carmen Ortega<\/p>\n<p>Titulaciones:<br \/>\n&#8211; Licenciada en Contadur\u00eda P\u00fablica.<br \/>\n&#8211; Acreditaci\u00f3n No 1672 del CVPCPA.<br \/>\n&#8211; Maestr\u00eda en finanzas.<br \/>\n&#8211; Diplomado en operaciones burs\u00e1tiles.<\/p>\n<p>&#8211; Mas de 20 a\u00f1os de experiencia.<br \/>\n&#8211; Ha liderado proyectos en firmas auditoras\/Consultoras multinacionales.<br \/>\n&#8211; Ha liderado proyectos de auditor\u00eda regionales y locales.<br \/>\n&#8211; Experiencia en sectores: Bancario, Seguros, Retail, Comercio, industria, Servicios, Construcci\u00f3n, Agr\u00edcolas, Sector P\u00fablico y ONG&#8217;s, entre otros.<\/p>\n<p><!-- social icon --><br \/>\n<a><br \/>\nFacebook<br \/>\n<\/a><br \/>\n<a><br \/>\nTwitter<br \/>\n<\/a><br \/>\n<a><br \/>\nInstagram<br \/>\n<\/a><br \/>\n<!-- End Profile Card --><br \/>\n<!-- Start Profile Card 4 --><br \/>\n<img decoding=\"async\" style=\"width: 300px; height: px;\" src=\"http:\/\/aff.com.sv\/wp-content\/uploads\/2020\/12\/3-Rosa-Guevara.png\" \/><br \/>\nRosa Mar\u00eda Guevara<\/p>\n<p>Titulaciones:<\/p>\n<p>&#8211; Licenciada en contadur\u00eda p\u00fablica.<br \/>\n&#8211; Acreditaci\u00f3n No 2749 del CVPCPA.<br \/>\n&#8211; Diplomado en operaciones burs\u00e1tiles.<\/p>\n<p>&#8211; Mas de 20 a\u00f1os de experiencia.<br \/>\n&#8211; Ha liderado proyectos en firmas Auditoras\/Consultoras Multinacionales.<br \/>\n&#8211; Ha liderado proyectos de auditor\u00eda regionales y locales.<br \/>\n&#8211; Experiencia en sectores: Bancarios, Seguros, Retail, Comercio, Industria, Servicios, Construcci\u00f3n, Agr\u00edcolas, Sector p\u00fablico y ONG&#8217;s, entre otros.<\/p>\n<p><!-- social icon --><br \/>\n<a><br \/>\nFacebook<br \/>\n<\/a><br \/>\n<a><br \/>\nTwitter<br \/>\n<\/a><br \/>\n<a><br \/>\nInstagram<br \/>\n<\/a><br \/>\n<!-- End Profile Card --><br \/>\n<img loading=\"lazy\" decoding=\"async\" src=\"http:\/\/aff.com.sv\/wp-content\/uploads\/2020\/11\/ejemplo_logo_menu2.png\" alt=\"\" width=\"317\" height=\"67\" \/><\/p>\n<ul>\n<li>+503 2550-4500<\/li>\n<li>info@aff.com.sv<\/li>\n<\/ul>\n<p><a href=\"#\"><br \/>\nFacebook<br \/>\n<\/a><br \/>\n<a href=\"#\"><br \/>\nTwitter<br \/>\n<\/a><br \/>\n<a href=\"#\"><br \/>\nLinkedin<br \/>\n<\/a><br \/>\nMen\u00fa<\/p>\n<ul>\n<li><a href=\"#\"><br \/>\nHome<br \/>\n<\/a><\/li>\n<li><a href=\"#\"><br \/>\nServicios<br \/>\n<\/a><\/li>\n<li><a href=\"#\"><br \/>\nNosotros<br \/>\n<\/a><\/li>\n<li><a href=\"#\"><br \/>\nBlog<br \/>\n<\/a><\/li>\n<li><a href=\"http:\/\/aff.com.sv\/index.php\/ubicacion\/\"><br \/>\nUbicaci\u00f3n<br \/>\n<\/a><\/li>\n<\/ul>\n<p>Enlaces r\u00e1pidos<\/p>\n<ul>\n<li><a href=\"https:\/\/www.mh.gob.sv\/pmh\/es\/\" target=\"_blank\" rel=\"noopener\"><br \/>\nMinisterio de Hacienda<br \/>\n<\/a><\/li>\n<li><a href=\"https:\/\/www.bcr.gob.sv\/regulaciones\/\" target=\"_blank\" rel=\"noopener\"><br \/>\nNormas BCR<br \/>\n<\/a><\/li>\n<li><a href=\"https:\/\/ssf.gob.sv\/\" target=\"_blank\" rel=\"noopener\"><br \/>\nSuperintendencia de Sistema Financiero<br \/>\n<\/a><\/li>\n<\/ul>\n<p>AGENDAR CONSULTA<br \/>\n[wpforms id=\u00bb479&#8243; title=\u00bbfalse\u00bb description=\u00bbfalse\u00bb]<\/p>\n","protected":false},"excerpt":{"rendered":"<p>[hfe_template id=&#8217;24&#8217;] SOMOS Firma de contadores p\u00fablicos integrada por socios accionistas con amplia trayectoria y experiencia en servicios de aseguramiento, nuestra fortaleza en aspectos tales como: Auditor\u00eda, IFRS, Control interno,\u00a0 Proceso de negocio y an\u00e1lisis encargar trabajo universitario de riesgos, impuestos, consultor\u00eda, Outsourcing contable. Contamos con s\u00f3lida experiencia en empresas de diferentes industrias y sectores [&hellip;]<\/p>\n","protected":false},"author":1,"featured_media":0,"parent":0,"menu_order":0,"comment_status":"closed","ping_status":"closed","template":"elementor_canvas","meta":{"footnotes":""},"class_list":["post-951","page","type-page","status-publish","hentry"],"_links":{"self":[{"href":"https:\/\/aff.com.sv\/index.php\/wp-json\/wp\/v2\/pages\/951","targetHints":{"allow":["GET"]}}],"collection":[{"href":"https:\/\/aff.com.sv\/index.php\/wp-json\/wp\/v2\/pages"}],"about":[{"href":"https:\/\/aff.com.sv\/index.php\/wp-json\/wp\/v2\/types\/page"}],"author":[{"embeddable":true,"href":"https:\/\/aff.com.sv\/index.php\/wp-json\/wp\/v2\/users\/1"}],"replies":[{"embeddable":true,"href":"https:\/\/aff.com.sv\/index.php\/wp-json\/wp\/v2\/comments?post=951"}],"version-history":[{"count":440,"href":"https:\/\/aff.com.sv\/index.php\/wp-json\/wp\/v2\/pages\/951\/revisions"}],"predecessor-version":[{"id":11425,"href":"https:\/\/aff.com.sv\/index.php\/wp-json\/wp\/v2\/pages\/951\/revisions\/11425"}],"wp:attachment":[{"href":"https:\/\/aff.com.sv\/index.php\/wp-json\/wp\/v2\/media?parent=951"}],"curies":[{"name":"wp","href":"https:\/\/api.w.org\/{rel}","templated":true}]}}