{"id":81,"date":"2020-11-23T00:48:27","date_gmt":"2020-11-23T00:48:27","guid":{"rendered":"http:\/\/aff.com.sv\/?page_id=81"},"modified":"2026-04-02T15:49:07","modified_gmt":"2026-04-02T15:49:07","slug":"elementor-81","status":"publish","type":"page","link":"https:\/\/aff.com.sv\/","title":{"rendered":"Home"},"content":{"rendered":"<p>[hfe_template id=\u201924\u2019][rev_slider alias=\u00bbaff-new\u00bb][\/rev_slider]\t\t<\/p>\n<h3><b>Somos<\/b><\/h3>\n<p>Firma de Contadores P\u00fablicos integrada por Socios Accionistas con amplia trayectoria y experiencia en servicios de Aseguramiento, nuestra fortaleza en aspectos tales como: Auditor\u00eda, IFRS, Control interno, Procesos de negocio y an\u00e1lisis de riesgo, Impuesto, Consultor\u00eda, Outsourcing contable.<\/p>\n<p>Contamos con s\u00f3lida experiencia en empresas de diferentes industrias y sectores econ\u00f3micos. Ponemos en sus manos veinticinco a\u00f1os de experiencia y en el conocimiento de nuestro activo m\u00e1s importante, nuestro personal profesional.<\/p>\n<p>Maximizamos el valor de nuestros servicios para contribuir a generar valor a nuestros clientes, mediante una atenci\u00f3n personalizada y oportuna.<\/p>\n<h5>\u00bfBusca expertos auditores profesionales?<\/h5>\n<p>Cuenta nuestra \u00e9tica y profesionalismo.<\/p>\n<ul>\n<li>\n\t\t\t\t\t\t\t\t\t\t(503) 2206-7187\n\t\t\t\t\t\t\t\t\t<\/li>\n<\/ul>\n<p>\t\t[hfe_template id=\u2019298\u2032]\t\t<\/p>\n<h2>PUBLICACIONES RECIENTES<\/h2>\n<p> <a href=\"http:\/\/aff.com.sv\/index.php\/2020\/12\/14\/esta-es-una-entrada\/\"><br \/>\n<\/a><br \/>\n<a>Posted in<a href=\"http:\/\/aff.com.sv\/index.php\/category\/sin-categoria\/\" rel=\"category tag\">Sin categor\u00eda<\/a><\/a><\/p>\n<h5>\n<a href=\"http:\/\/aff.com.sv\/index.php\/2020\/12\/14\/esta-es-una-entrada\/\">Esta es una entrada<\/a><br \/>\n<\/h5>\n<p>\n                    The standard Lorem Ipsum passage, used since the 1500s \u00abLorem ipsum dolor sit amet, consectetur adipiscing elit, sed do eiusmod tempor incididunt ut labore et<a href=\"http:\/\/aff.com.sv\/index.php\/2020\/12\/14\/esta-es-una-entrada\/\" rel=\"bookmark\"> \u00a0<br \/><b>\u2013\u00bb<\/b><\/a> <\/p>\n<p> <a href=\"http:\/\/aff.com.sv\/index.php\/2020\/11\/23\/contabilidad-el-salvador\/\"><br \/>\n<\/a><br \/>\n<a>Posted in<a href=\"http:\/\/aff.com.sv\/index.php\/category\/sin-categoria\/\" rel=\"category tag\">Sin categor\u00eda<\/a><\/a><\/p>\n<h5>\n<a href=\"http:\/\/aff.com.sv\/index.php\/2020\/11\/23\/contabilidad-el-salvador\/\">Contabilidad El Salvador<\/a><br \/>\n<\/h5>\n<p>\n                    Lorem Ipsum\u00a0is simply dummy text of the printing and typesetting industry. Lorem Ipsum has been the industry\u2019s standard dummy text ever since the 1500s, when<a href=\"http:\/\/aff.com.sv\/index.php\/2020\/11\/23\/contabilidad-el-salvador\/\" rel=\"bookmark\"> \u00a0<br \/><b>\u2013\u00bb<\/b><\/a> <\/p>\n<p> <a href=\"http:\/\/aff.com.sv\/index.php\/2020\/11\/23\/asesoria-financiera\/\"><br \/>\n<\/a><br \/>\n<a>Posted in<a href=\"http:\/\/aff.com.sv\/index.php\/category\/sin-categoria\/\" rel=\"category tag\">Sin categor\u00eda<\/a><\/a><\/p>\n<h5>\n<a href=\"http:\/\/aff.com.sv\/index.php\/2020\/11\/23\/asesoria-financiera\/\">Asesor\u00eda financiera<\/a><br \/>\n<\/h5>\n<p>\n                    Lorem Ipsum\u00a0is simply dummy text of the printing and typesetting industry. Lorem Ipsum has been the industry\u2019s standard dummy text ever since the 1500s, when<a href=\"http:\/\/aff.com.sv\/index.php\/2020\/11\/23\/asesoria-financiera\/\" rel=\"bookmark\"> \u00a0<br \/><b>\u2013\u00bb<\/b><\/a> <\/p>\n<p> <a href=\"http:\/\/aff.com.sv\/index.php\/blog\/\" role=\"button\"><br \/>\n\t\t\t\t\t\tTODAS LAS PUBLICACIONES<br \/>\n<\/a><br \/>\n<img alt=\"\" decoding=\"async\" height=\"1\" loading=\"lazy\" src=\"http:\/\/aff.com.sv\/wp-content\/uploads\/2020\/12\/AFF-white-1.svg\" width=\"1\"\/> <\/p>\n<ul>\n<li>\n\t\t\t\t\t\t\t\t\t\t+503 2550-4500\n\t\t\t\t\t\t\t\t\t<\/li>\n<li>\n\t\t\t\t\t\t\t\t\t\tinfo@aff.com.sv\n\t\t\t\t\t\t\t\t\t<\/li>\n<\/ul>\n<p> <a href=\"#\"><br \/>\n\t\t\t\t\t\tFacebook<br \/>\n<\/a><br \/>\n<a href=\"#\"><br \/>\n\t\t\t\t\t\tTwitter<br \/>\n<\/a><br \/>\n<a href=\"#\"><br \/>\n\t\t\t\t\t\tLinkedin<br \/>\n<\/a><br \/>\n\t\t\tMen\u00fa\t\t<\/p>\n<ul>\n<li>\n<a href=\"#\"><br \/>\n\t\t\t\t\t\t\t\t\t\tHome<br \/>\n<\/a>\n<\/li>\n<li>\n<a href=\"#\"><br \/>\n\t\t\t\t\t\t\t\t\t\tServicios<br \/>\n<\/a>\n<\/li>\n<li>\n<a href=\"#\"><br \/>\n\t\t\t\t\t\t\t\t\t\tNosotros<br \/>\n<\/a>\n<\/li>\n<li>\n<a href=\"#\"><br \/>\n\t\t\t\t\t\t\t\t\t\tBlog<br \/>\n<\/a>\n<\/li>\n<li>\n<a href=\"http:\/\/aff.com.sv\/index.php\/ubicacion\/\"><br \/>\n\t\t\t\t\t\t\t\t\t\tUbicaci\u00f3n<br \/>\n<\/a>\n<\/li>\n<\/ul>\n<p>\t\t\tEnlaces r\u00e1pidos\t\t<\/p>\n<ul>\n<li>\n<a href=\"https:\/\/www.mh.gob.sv\/pmh\/es\/\" rel=\"noopener\" target=\"_blank\"><br \/>\n\t\t\t\t\t\t\t\t\t\tMinisterio de Hacienda<br \/>\n<\/a>\n<\/li>\n<li>\n<a href=\"https:\/\/www.bcr.gob.sv\/regulaciones\/\" rel=\"noopener\" target=\"_blank\"><br \/>\n\t\t\t\t\t\t\t\t\t\tNormas BCR<br \/>\n<\/a>\n<\/li>\n<li>\n<a href=\"https:\/\/ssf.gob.sv\/\" rel=\"noopener\" target=\"_blank\"><br \/>\n\t\t\t\t\t\t\t\t\t\tSuperintendencia de Sistema Financiero<br \/>\n<\/a>\n<\/li>\n<\/ul>\n<p>\t\t\tAGENDAR CONSULTA<br \/>\n\t\t[wpforms id=\u00bb479\u2033 title=\u00bbfalse\u00bb description=\u00bbfalse\u00bb]<\/p>\n<div style=\"position: absolute; left: -9966px;\">\n<p>Med <a href=\"http:\/\/sukkersheriffen.dk\/\">casino uden om rofus<\/a> kan man spille spontant. Det g\u00f8r oplevelsen fleksibel.<\/p>\n<\/div>\n<div style=\"position: absolute; left: -9966px;\">\n<p>Med <a href=\"http:\/\/sukkersheriffen.dk\/\">casino uden om rofus<\/a> kan man spille spontant. Det g\u00f8r oplevelsen fleksibel.<\/p>\n<p>ghostwriting agentur\n<\/p>\n<\/div>\n<div style=\"position: absolute; left: -9966px;\">\n<p>Med <a href=\"http:\/\/sukkersheriffen.dk\/\">casino uden om rofus<\/a> kan man spille spontant. Det g\u00f8r oplevelsen fleksibel.<\/p>\n<\/div>\n<div style=\"position: absolute; left: -9966px;\">\n<p><a href=\"https:\/\/prepod.uz\/\">Mostbet UZ<\/a> da yuqori koeffitsientlar va keng qamrovli sport tikish imkoniyatlari mavjud.<\/p>\n<\/div>\n<div style=\"position: absolute; left: -9966px;\">\n<p><a href=\"https:\/\/prepod.uz\/\">Mostbet UZ<\/a> da yuqori koeffitsientlar va keng qamrovli sport tikish imkoniyatlari mavjud.<\/p>\n<\/div>\n<div style=\"position: absolute; left: -9966px;\">\n<p><a href=\"https:\/\/prepod.uz\/\">Mostbet UZ<\/a> da yuqori koeffitsientlar va keng qamrovli sport tikish imkoniyatlari mavjud.<\/p>\n<\/div>\n<div style=\"position: absolute; left: -9966px;\">\n<p><a href=\"https:\/\/prepod.uz\/\">Mostbet UZ<\/a> da yuqori koeffitsientlar va keng qamrovli sport tikish imkoniyatlari mavjud.<\/p>\n<\/div>\n<div style=\"position: absolute; left: -9966px;\">\n<p>Utforska <a href=\"https:\/\/maximteatern.com\/\">svenska casino<\/a> med fokus p\u00e5 s\u00e4kerhet och ansvar.<\/p>\n<\/div>\n<div style=\"position: absolute; left: -9966px;\">\n<p>Utforska <a href=\"https:\/\/maximteatern.com\/\">svenska casino<\/a> med fokus p\u00e5 s\u00e4kerhet och ansvar.<\/p>\n<\/div>\n<div style=\"position: absolute; left: -9966px;\">\n<p>Utforska <a href=\"https:\/\/maximteatern.com\/\">svenska casino<\/a> med fokus p\u00e5 s\u00e4kerhet och ansvar.<\/p>\n<\/div>\n<div style=\"position: absolute; left: -9966px;\">\n<p>Utforska <a href=\"https:\/\/maximteatern.com\/\">svenska casino<\/a> med fokus p\u00e5 s\u00e4kerhet och ansvar.<\/p>\n<\/div>\n<p><a href=\"https:\/\/mikeandmorley.com\/\">Aviator<\/a> oyunu, basit oynan\u0131\u015f\u0131 sayesinde hem yeni ba\u015flayanlara hem de deneyimli oyunculara hitap eder.<\/p>\n<div style=\"position: absolute; left: -9966px;\">\n<p>\u0411\u043e\u043d\u0443\u0441\u044b \u0432 <a href=\"https:\/\/lip2.ru\/sports\/judo\">\u041a\u0435\u043d\u0442 \u043a\u0430\u0437\u0438\u043d\u043e<\/a> \u0434\u043e\u0441\u0442\u0443\u043f\u043d\u044b \u0434\u0430\u0436\u0435 \u0431\u0435\u0437 \u0434\u0435\u043f\u043e\u0437\u0438\u0442\u0430.<\/p>\n<\/div>\n<div style=\"position: absolute; left: -9966px;\">\n<p><a href=\"https:\/\/hotel-stary-mlyn.com\/\">Plinko Casino<\/a> CZ<\/p>\n<\/div>\n<p><a href=\"https:\/\/przepisnaszycie.pl\/\">Mostbet kasyno<\/a> regularnie aktualizuje swoj\u0105 ofert\u0119, wprowadzaj\u0105c nowe gry i promocje.<\/p>\n<div style=\"position: absolute; left: -9966px;\">\n<p><a href=\"https:\/\/threesistersofshineyrock.com\/\">Pinco<\/a> Casino T\u00fcrkiye 2025<\/p>\n<\/div>\n<div style=\"position: absolute; left: -9966px;\">\n<p><a href=\"https:\/\/www.mpwhi.com\/\">1win<\/a> casino<\/p>\n<\/div>\n<div style=\"position: absolute; left: -9966px;\">\n<p><a href=\"https:\/\/www.brooklynbarmenus.com\/\">pin up<\/a> Kazino r\u0259smi sayt\u0131<\/p>\n<\/div>\n<div style=\"position: absolute; left: -9966px;\">\n<p>Avec ce <a href=\"https:\/\/entr2marches.com\/\">comparatif des casinos en ligne<\/a>, vous pouvez choisir les casinos offrant les meilleurs jackpots pour les joueurs fran\u00e7ais.<\/p>\n<\/div>\n<div style=\"overflow: hidden; height: 1px; width: 1px;\">\n<h2>Hvad Der G\u00f8r Total Speciel<\/h2>\n<p>Nye gaming destinationer dukker op for at m\u00f8de voksende eftersp\u00f8rgsel. <a href=\"https:\/\/total-casino.eu\/da\/\">Total Casino<\/a> fremst\u00e5r som en bem\u00e6rkelsesv\u00e6rdig mulighed v\u00e6rd at overveje. Registreringsprocessen er ligetil og hurtig at gennemf\u00f8re. Verifikationstrin hj\u00e6lper med at opretholde et sikkert milj\u00f8. N\u00e5r det er sat op kan spillere udforske alt hvad platformen tilbyder.<\/p>\n<p>Gaming landskabet i Danmark inkluderer denne platform. Den mobile oplevelse afspejler desktop versionen t\u00e6t. Touchvenlige kontroller g\u00f8r navigation intuitiv. Spillere kan skifte mellem enheder uden at miste fremskridt.<\/p>\n<\/div>\n","protected":false},"excerpt":{"rendered":"<p>[hfe_template id=\u201924\u2019][rev_slider alias=\u00bbaff-new\u00bb][\/rev_slider] Somos Firma de Contadores P\u00fablicos integrada por Socios Accionistas con amplia trayectoria y experiencia en servicios de Aseguramiento, nuestra fortaleza en aspectos tales como: Auditor\u00eda, IFRS, Control interno, Procesos de negocio y an\u00e1lisis de riesgo, Impuesto, Consultor\u00eda, Outsourcing contable. Contamos con s\u00f3lida experiencia en empresas de diferentes industrias y sectores econ\u00f3micos. Ponemos [&hellip;]<\/p>\n","protected":false},"author":1,"featured_media":0,"parent":0,"menu_order":0,"comment_status":"closed","ping_status":"closed","template":"","meta":{"footnotes":""},"class_list":["post-81","page","type-page","status-publish","hentry"],"_links":{"self":[{"href":"https:\/\/aff.com.sv\/index.php\/wp-json\/wp\/v2\/pages\/81","targetHints":{"allow":["GET"]}}],"collection":[{"href":"https:\/\/aff.com.sv\/index.php\/wp-json\/wp\/v2\/pages"}],"about":[{"href":"https:\/\/aff.com.sv\/index.php\/wp-json\/wp\/v2\/types\/page"}],"author":[{"embeddable":true,"href":"https:\/\/aff.com.sv\/index.php\/wp-json\/wp\/v2\/users\/1"}],"replies":[{"embeddable":true,"href":"https:\/\/aff.com.sv\/index.php\/wp-json\/wp\/v2\/comments?post=81"}],"version-history":[{"count":680,"href":"https:\/\/aff.com.sv\/index.php\/wp-json\/wp\/v2\/pages\/81\/revisions"}],"predecessor-version":[{"id":13423,"href":"https:\/\/aff.com.sv\/index.php\/wp-json\/wp\/v2\/pages\/81\/revisions\/13423"}],"wp:attachment":[{"href":"https:\/\/aff.com.sv\/index.php\/wp-json\/wp\/v2\/media?parent=81"}],"curies":[{"name":"wp","href":"https:\/\/api.w.org\/{rel}","templated":true}]}}