{"id":668,"date":"2020-12-02T02:06:12","date_gmt":"2020-12-02T02:06:12","guid":{"rendered":"http:\/\/aff.com.sv\/?page_id=668"},"modified":"2023-01-17T14:18:58","modified_gmt":"2023-01-17T14:18:58","slug":"servicios","status":"publish","type":"page","link":"https:\/\/aff.com.sv\/index.php\/servicios\/","title":{"rendered":"Servicios"},"content":{"rendered":"<p>[hfe_template id=&#8217;24&#8217;]\n\t\t\t\t\t<link rel=\"stylesheet\" href=\"http:\/\/aff.com.sv\/wp-content\/plugins\/ultimate-addons-for-elementor\/css\/flipbox.css\">\n\t\t<!--====== HTML CODING START ========--><\/p>\n<h4 style=\"color: #000;\">\n\t\t\t\t      \t\tComunicaci\u00f3n oportuna\t\t\t\t      <\/h4>\n<p style=\"color: #000; font-size: px;\">\n<p><strong>Comunicaci\u00f3n oportuna<\/strong> con la alta administraci\u00f3n.<\/p>\n<p style=\"text-align: center;\">\n<style>\n\t\t\t@media only screen and (max-width: 480px) {\n\t\t\t\t#vc-flip-box-401 .flip-box-title {\n\t\t\t\t\tfont-size: px !important;\n\t\t\t\t}\n\t\t\t\t#vc-flip-box-401 .flip-box-desc {\n\t\t\t\t\tfont-size: px !important;\n\t\t\t\t}\n\t\t\t\t#vc-flip-box-401.vc-ihe-panel, #vc-flip-box-401 .flip-box-3d{\n\t\t\t\t\theight: px !important;\n\t\t\t\t}\n\t\t\t\t#vc-flip-box-401 .flip-box-3d .active-state, #vc-flip-box-401 .flip-box-3d .default-state{\n\t\t\t\t\theight: px !important;\n\t\t\t\t}\n\t\t\t}\n\t\t<\/style>\n<link rel=\"stylesheet\" href=\"http:\/\/aff.com.sv\/wp-content\/plugins\/ultimate-addons-for-elementor\/css\/flipbox.css\">\n\t\t<!--====== HTML CODING START ========--><\/p>\n<h4 style=\"color: #000;\">\n\t\t\t\t      \t\tConducta \u00e9tica\t\t\t\t      <\/h4>\n<p style=\"color: #000; font-size: px;\">\n<p>Profesionales con <strong>conducta \u00e9tica y profesional<\/strong>.<\/p>\n<p style=\"text-align: center;\">\n<style>\n\t\t\t@media only screen and (max-width: 480px) {\n\t\t\t\t#vc-flip-box-39 .flip-box-title {\n\t\t\t\t\tfont-size: px !important;\n\t\t\t\t}\n\t\t\t\t#vc-flip-box-39 .flip-box-desc {\n\t\t\t\t\tfont-size: px !important;\n\t\t\t\t}\n\t\t\t\t#vc-flip-box-39.vc-ihe-panel, #vc-flip-box-39 .flip-box-3d{\n\t\t\t\t\theight: px !important;\n\t\t\t\t}\n\t\t\t\t#vc-flip-box-39 .flip-box-3d .active-state, #vc-flip-box-39 .flip-box-3d .default-state{\n\t\t\t\t\theight: px !important;\n\t\t\t\t}\n\t\t\t}\n\t\t<\/style>\n<link rel=\"stylesheet\" href=\"http:\/\/aff.com.sv\/wp-content\/plugins\/ultimate-addons-for-elementor\/css\/flipbox.css\">\n\t\t<!--====== HTML CODING START ========--><\/p>\n<h4 style=\"color: #000;\">\n\t\t\t\t      \t\tActividades en forma conjunta\t\t\t\t      <\/h4>\n<p style=\"color: #000; font-size: px;\">\n<p><strong>Calendarizamos la actividades<\/strong> en <strong>forma conjunta<\/strong> con la administraci\u00f3n.<\/p>\n<p style=\"text-align: center;\">\n<style>\n\t\t\t@media only screen and (max-width: 480px) {\n\t\t\t\t#vc-flip-box-309 .flip-box-title {\n\t\t\t\t\tfont-size: px !important;\n\t\t\t\t}\n\t\t\t\t#vc-flip-box-309 .flip-box-desc {\n\t\t\t\t\tfont-size: px !important;\n\t\t\t\t}\n\t\t\t\t#vc-flip-box-309.vc-ihe-panel, #vc-flip-box-309 .flip-box-3d{\n\t\t\t\t\theight: px !important;\n\t\t\t\t}\n\t\t\t\t#vc-flip-box-309 .flip-box-3d .active-state, #vc-flip-box-309 .flip-box-3d .default-state{\n\t\t\t\t\theight: px !important;\n\t\t\t\t}\n\t\t\t}\n\t\t<\/style>\n<link rel=\"stylesheet\" href=\"http:\/\/aff.com.sv\/wp-content\/plugins\/ultimate-addons-for-elementor\/css\/flipbox.css\">\n\t\t<!--====== HTML CODING START ========--><\/p>\n<h4 style=\"color: #000;\">\n\t\t\t\t      \t\tProfesionales actualizados\t\t\t\t      <\/h4>\n<p style=\"color: #000; font-size: px;\">\n<p><strong>Profesionales actualizados en aspectos t\u00e9cnicos, tributarios y otras regulaciones<\/strong> aplicables a las entidades.<\/p>\n<p style=\"text-align: center;\">\n<style>\n\t\t\t@media only screen and (max-width: 480px) {\n\t\t\t\t#vc-flip-box-36 .flip-box-title {\n\t\t\t\t\tfont-size: px !important;\n\t\t\t\t}\n\t\t\t\t#vc-flip-box-36 .flip-box-desc {\n\t\t\t\t\tfont-size: px !important;\n\t\t\t\t}\n\t\t\t\t#vc-flip-box-36.vc-ihe-panel, #vc-flip-box-36 .flip-box-3d{\n\t\t\t\t\theight: px !important;\n\t\t\t\t}\n\t\t\t\t#vc-flip-box-36 .flip-box-3d .active-state, #vc-flip-box-36 .flip-box-3d .default-state{\n\t\t\t\t\theight: px !important;\n\t\t\t\t}\n\t\t\t}\n\t\t<\/style>\n<p>\t\t\t\t\t\t\t\t\t\t<img width=\"317\" height=\"67\" src=\"http:\/\/aff.com.sv\/wp-content\/uploads\/2020\/11\/ejemplo_logo_menu2.png\" alt=\"\" decoding=\"async\" loading=\"lazy\" \/>\t\t\t\t\t\t\t\t\t\t\t<\/p>\n<ul>\n<li>\n\t\t\t\t\t\t\t\t\t\t+503 2550-4500\n\t\t\t\t\t\t\t\t\t<\/li>\n<li>\n\t\t\t\t\t\t\t\t\t\tinfo@aff.com.sv\n\t\t\t\t\t\t\t\t\t<\/li>\n<\/ul>\n<p>\t\t\t\t\t<a href=\"#\"><br \/>\n\t\t\t\t\t\tFacebook<br \/>\n\t\t\t\t\t\t\t\t\t\t\t<\/a><br \/>\n\t\t\t\t\t<a href=\"#\"><br \/>\n\t\t\t\t\t\tTwitter<br \/>\n\t\t\t\t\t\t\t\t\t\t\t<\/a><br \/>\n\t\t\t\t\t<a href=\"#\"><br \/>\n\t\t\t\t\t\tLinkedin<br \/>\n\t\t\t\t\t\t\t\t\t\t\t<\/a><br \/>\n\t\t\t\t\t<a href=\"#\"><br \/>\n\t\t\t\t\t\tInstagram<br \/>\n\t\t\t\t\t\t\t\t\t\t\t<\/a><br \/>\n\t\t\tMen\u00fa\t\t<\/p>\n<ul>\n<li>\n\t\t\t\t\t<a href=\"#\"><br \/>\n\t\t\t\t\t\t\t\t\t\tHome<br \/>\n\t\t\t\t\t\t\t\t\t\t\t<\/a>\n\t\t\t\t\t\t\t\t\t<\/li>\n<li>\n\t\t\t\t\t<a href=\"#\"><br \/>\n\t\t\t\t\t\t\t\t\t\tServicios<br \/>\n\t\t\t\t\t\t\t\t\t\t\t<\/a>\n\t\t\t\t\t\t\t\t\t<\/li>\n<li>\n\t\t\t\t\t<a href=\"#\"><br \/>\n\t\t\t\t\t\t\t\t\t\tNosotros<br \/>\n\t\t\t\t\t\t\t\t\t\t\t<\/a>\n\t\t\t\t\t\t\t\t\t<\/li>\n<li>\n\t\t\t\t\t<a href=\"#\"><br \/>\n\t\t\t\t\t\t\t\t\t\tBlog<br \/>\n\t\t\t\t\t\t\t\t\t\t\t<\/a>\n\t\t\t\t\t\t\t\t\t<\/li>\n<li>\n\t\t\t\t\t<a href=\"http:\/\/aff.com.sv\/index.php\/ubicacion\/\"><br \/>\n\t\t\t\t\t\t\t\t\t\tUbicaci\u00f3n<br \/>\n\t\t\t\t\t\t\t\t\t\t\t<\/a>\n\t\t\t\t\t\t\t\t\t<\/li>\n<\/ul>\n<p>\t\t\tEnlaces r\u00e1pidos\t\t<\/p>\n<ul>\n<li>\n\t\t\t\t\t<a href=\"https:\/\/www.mh.gob.sv\/pmh\/es\/\" target=\"_blank\" rel=\"noopener\"><br \/>\n\t\t\t\t\t\t\t\t\t\tMinisterio de Hacienda<br \/>\n\t\t\t\t\t\t\t\t\t\t\t<\/a>\n\t\t\t\t\t\t\t\t\t<\/li>\n<li>\n\t\t\t\t\t<a href=\"https:\/\/www.bcr.gob.sv\/regulaciones\/\" target=\"_blank\" rel=\"noopener\"><br \/>\n\t\t\t\t\t\t\t\t\t\tNormas BCR<br \/>\n\t\t\t\t\t\t\t\t\t\t\t<\/a>\n\t\t\t\t\t\t\t\t\t<\/li>\n<li>\n\t\t\t\t\t<a href=\"https:\/\/ssf.gob.sv\/\" target=\"_blank\" rel=\"noopener\"><br \/>\n\t\t\t\t\t\t\t\t\t\tSuperintendencia de Sistema Financiero<br \/>\n\t\t\t\t\t\t\t\t\t\t\t<\/a>\n\t\t\t\t\t\t\t\t\t<\/li>\n<\/ul>\n<p>\t\t\tAGENDAR CONSULTA<br \/>\n\t\t[wpforms id=\u00bb479&#8243; title=\u00bbfalse\u00bb description=\u00bbfalse\u00bb]<\/p>\n","protected":false},"excerpt":{"rendered":"<p>[hfe_template id=&#8217;24&#8217;] Comunicaci\u00f3n oportuna Comunicaci\u00f3n oportuna con la alta administraci\u00f3n. Conducta \u00e9tica Profesionales con conducta \u00e9tica y profesional. Actividades en forma conjunta Calendarizamos la actividades en forma conjunta con la administraci\u00f3n. Profesionales actualizados Profesionales actualizados en aspectos t\u00e9cnicos, tributarios y otras regulaciones aplicables a las entidades. +503 2550-4500 info@aff.com.sv Facebook Twitter Linkedin Instagram Men\u00fa Home [&hellip;]<\/p>\n","protected":false},"author":1,"featured_media":0,"parent":0,"menu_order":0,"comment_status":"closed","ping_status":"closed","template":"elementor_canvas","meta":{"footnotes":""},"class_list":["post-668","page","type-page","status-publish","hentry"],"_links":{"self":[{"href":"https:\/\/aff.com.sv\/index.php\/wp-json\/wp\/v2\/pages\/668","targetHints":{"allow":["GET"]}}],"collection":[{"href":"https:\/\/aff.com.sv\/index.php\/wp-json\/wp\/v2\/pages"}],"about":[{"href":"https:\/\/aff.com.sv\/index.php\/wp-json\/wp\/v2\/types\/page"}],"author":[{"embeddable":true,"href":"https:\/\/aff.com.sv\/index.php\/wp-json\/wp\/v2\/users\/1"}],"replies":[{"embeddable":true,"href":"https:\/\/aff.com.sv\/index.php\/wp-json\/wp\/v2\/comments?post=668"}],"version-history":[{"count":511,"href":"https:\/\/aff.com.sv\/index.php\/wp-json\/wp\/v2\/pages\/668\/revisions"}],"predecessor-version":[{"id":2579,"href":"https:\/\/aff.com.sv\/index.php\/wp-json\/wp\/v2\/pages\/668\/revisions\/2579"}],"wp:attachment":[{"href":"https:\/\/aff.com.sv\/index.php\/wp-json\/wp\/v2\/media?parent=668"}],"curies":[{"name":"wp","href":"https:\/\/api.w.org\/{rel}","templated":true}]}}