{"id":1880,"date":"2020-12-14T16:39:55","date_gmt":"2020-12-14T16:39:55","guid":{"rendered":"http:\/\/aff.com.sv\/?page_id=1880"},"modified":"2023-01-17T14:15:46","modified_gmt":"2023-01-17T14:15:46","slug":"ubicacion","status":"publish","type":"page","link":"https:\/\/aff.com.sv\/index.php\/ubicacion\/","title":{"rendered":"Ubicaci\u00f3n"},"content":{"rendered":"<p>[hfe_template id=&#8217;24&#8217;]<br \/>\n\t\t\tNuestras oficinas<br \/>\n\t\t\t\t\t\t\t\t\t\t<img width=\"580\" height=\"326\" src=\"http:\/\/aff.com.sv\/wp-content\/uploads\/2023\/01\/presidente-plaza.jpg\" alt=\"\" decoding=\"async\" loading=\"lazy\" srcset=\"http:\/\/aff.com.sv\/wp-content\/uploads\/2023\/01\/presidente-plaza.jpg 1024w, http:\/\/aff.com.sv\/wp-content\/uploads\/2023\/01\/presidente-plaza-300x169.jpg 300w, http:\/\/aff.com.sv\/wp-content\/uploads\/2023\/01\/presidente-plaza-768x432.jpg 768w\" sizes=\"auto, (max-width: 580px) 100vw, 580px\" \/>\t\t\t\t\t\t\t\t\t\t\t<\/p>\n<p><b>Edificio Presidente Plaza, Nivel 6, Oficina N\u00b0 11, Av. La Revoluci\u00f3n y Calle Circunvalaci\u00f3n, Col. San Benito, San Salvador, San Salvador.<\/b><\/p>\n<p><b>&nbsp;<\/b><\/p>\n<p><b>Tel\u00e9fono: +503 2550-4500<\/b><\/p>\n<p>\t\t\tNuestra ubicaci\u00f3n<br \/>\n\t\t\t<iframe src=\"https:\/\/www.google.com\/maps\/embed?pb=!1m18!1m12!1m3!1d3876.4566826803716!2d-89.24218448484349!3d13.690768140386997!2m3!1f0!2f0!3f0!3m2!1i1024!2i768!4f13.1!3m3!1m2!1s0x8f63302f103d5e0f%3A0x23cbd60664fb11b1!2sPresidente%20Plaza!5e0!3m2!1sen!2ssv!4v1673964448892!5m2!1sen!2ssv\" width=\"600\" height=\"450\" style=\"border:0;\" allowfullscreen=\"\" loading=\"lazy\" referrerpolicy=\"no-referrer-when-downgrade\"><\/iframe>\t\t<\/p>\n<figure>\n\t\t\t\t\t\t\t\t\t\t<img width=\"1\" height=\"1\" src=\"http:\/\/aff.com.sv\/wp-content\/uploads\/2020\/12\/AFF-white.svg\" alt=\"\" decoding=\"async\" loading=\"lazy\" \/><figcaption><\/figcaption><\/figure>\n<ul>\n<li>\n\t\t\t\t\t\t\t\t\t\t+503 2550-4500\n\t\t\t\t\t\t\t\t\t<\/li>\n<li>\n\t\t\t\t\t\t\t\t\t\tinfo@aff.com.sv\n\t\t\t\t\t\t\t\t\t<\/li>\n<\/ul>\n<p>\t\t\t\t\t<a href=\"#\"><br \/>\n\t\t\t\t\t\tFacebook<br \/>\n\t\t\t\t\t\t\t\t\t\t\t<\/a><br \/>\n\t\t\t\t\t<a href=\"#\"><br \/>\n\t\t\t\t\t\tTwitter<br \/>\n\t\t\t\t\t\t\t\t\t\t\t<\/a><br \/>\n\t\t\t\t\t<a href=\"#\"><br \/>\n\t\t\t\t\t\tLinkedin<br \/>\n\t\t\t\t\t\t\t\t\t\t\t<\/a><br \/>\n\t\t\tMen\u00fa\t\t<\/p>\n<ul>\n<li>\n\t\t\t\t\t<a href=\"#\"><br \/>\n\t\t\t\t\t\t\t\t\t\tHome<br \/>\n\t\t\t\t\t\t\t\t\t\t\t<\/a>\n\t\t\t\t\t\t\t\t\t<\/li>\n<li>\n\t\t\t\t\t<a href=\"#\"><br \/>\n\t\t\t\t\t\t\t\t\t\tServicios<br \/>\n\t\t\t\t\t\t\t\t\t\t\t<\/a>\n\t\t\t\t\t\t\t\t\t<\/li>\n<li>\n\t\t\t\t\t<a href=\"#\"><br \/>\n\t\t\t\t\t\t\t\t\t\tNosotros<br \/>\n\t\t\t\t\t\t\t\t\t\t\t<\/a>\n\t\t\t\t\t\t\t\t\t<\/li>\n<li>\n\t\t\t\t\t<a href=\"#\"><br \/>\n\t\t\t\t\t\t\t\t\t\tBlog<br \/>\n\t\t\t\t\t\t\t\t\t\t\t<\/a>\n\t\t\t\t\t\t\t\t\t<\/li>\n<li>\n\t\t\t\t\t<a href=\"#\"><br \/>\n\t\t\t\t\t\t\t\t\t\tUbicaci\u00f3n<br \/>\n\t\t\t\t\t\t\t\t\t\t\t<\/a>\n\t\t\t\t\t\t\t\t\t<\/li>\n<\/ul>\n<p>\t\t\tEnlaces r\u00e1pidos\t\t<\/p>\n<ul>\n<li>\n\t\t\t\t\t<a href=\"https:\/\/www.mh.gob.sv\/pmh\/es\/\" target=\"_blank\" rel=\"noopener\"><br \/>\n\t\t\t\t\t\t\t\t\t\tMinisterio de Hacienda<br \/>\n\t\t\t\t\t\t\t\t\t\t\t<\/a>\n\t\t\t\t\t\t\t\t\t<\/li>\n<li>\n\t\t\t\t\t<a href=\"https:\/\/www.bcr.gob.sv\/regulaciones\/\" target=\"_blank\" rel=\"noopener\"><br \/>\n\t\t\t\t\t\t\t\t\t\tNormas BCR<br \/>\n\t\t\t\t\t\t\t\t\t\t\t<\/a>\n\t\t\t\t\t\t\t\t\t<\/li>\n<li>\n\t\t\t\t\t<a href=\"https:\/\/ssf.gob.sv\/\" target=\"_blank\" rel=\"noopener\"><br \/>\n\t\t\t\t\t\t\t\t\t\tSuperintendencia de Sistema Financiero<br \/>\n\t\t\t\t\t\t\t\t\t\t\t<\/a>\n\t\t\t\t\t\t\t\t\t<\/li>\n<\/ul>\n<p>\t\t\tAGENDAR CONSULTA<br \/>\n\t\t[wpforms id=\u00bb479&#8243; title=\u00bbfalse\u00bb description=\u00bbfalse\u00bb]<\/p>\n","protected":false},"excerpt":{"rendered":"<p>[hfe_template id=&#8217;24&#8217;] Nuestras oficinas Edificio Presidente Plaza, Nivel 6, Oficina N\u00b0 11, Av. La Revoluci\u00f3n y Calle Circunvalaci\u00f3n, Col. San Benito, San Salvador, San Salvador. &nbsp; Tel\u00e9fono: +503 2550-4500 Nuestra ubicaci\u00f3n +503 2550-4500 info@aff.com.sv Facebook Twitter Linkedin Men\u00fa Home Servicios Nosotros Blog Ubicaci\u00f3n Enlaces r\u00e1pidos Ministerio de Hacienda Normas BCR Superintendencia de Sistema Financiero AGENDAR [&hellip;]<\/p>\n","protected":false},"author":1,"featured_media":0,"parent":0,"menu_order":0,"comment_status":"closed","ping_status":"closed","template":"elementor_canvas","meta":{"footnotes":""},"class_list":["post-1880","page","type-page","status-publish","hentry"],"_links":{"self":[{"href":"https:\/\/aff.com.sv\/index.php\/wp-json\/wp\/v2\/pages\/1880","targetHints":{"allow":["GET"]}}],"collection":[{"href":"https:\/\/aff.com.sv\/index.php\/wp-json\/wp\/v2\/pages"}],"about":[{"href":"https:\/\/aff.com.sv\/index.php\/wp-json\/wp\/v2\/types\/page"}],"author":[{"embeddable":true,"href":"https:\/\/aff.com.sv\/index.php\/wp-json\/wp\/v2\/users\/1"}],"replies":[{"embeddable":true,"href":"https:\/\/aff.com.sv\/index.php\/wp-json\/wp\/v2\/comments?post=1880"}],"version-history":[{"count":97,"href":"https:\/\/aff.com.sv\/index.php\/wp-json\/wp\/v2\/pages\/1880\/revisions"}],"predecessor-version":[{"id":2567,"href":"https:\/\/aff.com.sv\/index.php\/wp-json\/wp\/v2\/pages\/1880\/revisions\/2567"}],"wp:attachment":[{"href":"https:\/\/aff.com.sv\/index.php\/wp-json\/wp\/v2\/media?parent=1880"}],"curies":[{"name":"wp","href":"https:\/\/api.w.org\/{rel}","templated":true}]}}